{"id":32,"date":"2019-08-03T08:48:33","date_gmt":"2019-08-03T06:48:33","guid":{"rendered":"http:\/\/tender-stoat.w5.wpsandbox.pro\/?page_id=32"},"modified":"2025-01-21T23:36:52","modified_gmt":"2025-01-21T22:36:52","slug":"onas","status":"publish","type":"page","link":"https:\/\/geodezjaczarnik.pl\/index.php\/onas\/","title":{"rendered":"O nas"},"content":{"rendered":"\t\t<div data-elementor-type=\"wp-post\" data-elementor-id=\"32\" class=\"elementor elementor-32\">\n\t\t\t\t\t\t<div class=\"elementor-inner\">\n\t\t\t\t<div class=\"elementor-section-wrap\">\n\t\t\t\t\t\t\t\t\t<section class=\"elementor-section elementor-top-section elementor-element elementor-element-d3ed1ca elementor-section-boxed elementor-section-height-default elementor-section-height-default\" data-id=\"d3ed1ca\" data-element_type=\"section\" data-settings=\"{&quot;background_background&quot;:&quot;classic&quot;}\">\n\t\t\t\t\t\t\t<div class=\"elementor-background-overlay\"><\/div>\n\t\t\t\t\t\t\t<div class=\"elementor-container elementor-column-gap-default\">\n\t\t\t\t\t\t\t<div class=\"elementor-row\">\n\t\t\t\t\t<div class=\"elementor-column elementor-col-100 elementor-top-column elementor-element elementor-element-815fdf5\" data-id=\"815fdf5\" data-element_type=\"column\">\n\t\t\t<div class=\"elementor-column-wrap elementor-element-populated\">\n\t\t\t\t\t\t\t<div class=\"elementor-widget-wrap\">\n\t\t\t\t\t\t<div class=\"elementor-element elementor-element-1596548 elementor-widget elementor-widget-heading\" data-id=\"1596548\" data-element_type=\"widget\" data-widget_type=\"heading.default\">\n\t\t\t\t<div class=\"elementor-widget-container\">\n\t\t\t<h2 class=\"elementor-heading-title elementor-size-default\">O nas<\/h2>\t\t<\/div>\n\t\t\t\t<\/div>\n\t\t\t\t\t\t<\/div>\n\t\t\t\t\t<\/div>\n\t\t<\/div>\n\t\t\t\t\t\t\t\t<\/div>\n\t\t\t\t\t<\/div>\n\t\t<\/section>\n\t\t\t\t<section class=\"elementor-section elementor-top-section elementor-element elementor-element-b100254 elementor-section-boxed elementor-section-height-default elementor-section-height-default\" data-id=\"b100254\" data-element_type=\"section\">\n\t\t\t\t\t\t<div class=\"elementor-container elementor-column-gap-default\">\n\t\t\t\t\t\t\t<div class=\"elementor-row\">\n\t\t\t\t\t<div class=\"elementor-column elementor-col-100 elementor-top-column elementor-element elementor-element-4dbda1b\" data-id=\"4dbda1b\" data-element_type=\"column\">\n\t\t\t<div class=\"elementor-column-wrap elementor-element-populated\">\n\t\t\t\t\t\t\t<div class=\"elementor-widget-wrap\">\n\t\t\t\t\t\t<div class=\"elementor-element elementor-element-27b7bde elementor-widget-divider--view-line elementor-widget elementor-widget-divider\" data-id=\"27b7bde\" data-element_type=\"widget\" data-widget_type=\"divider.default\">\n\t\t\t\t<div class=\"elementor-widget-container\">\n\t\t\t\t\t<div class=\"elementor-divider\">\n\t\t\t<span class=\"elementor-divider-separator\">\n\t\t\t\t\t\t<\/span>\n\t\t<\/div>\n\t\t\t\t<\/div>\n\t\t\t\t<\/div>\n\t\t\t\t<div class=\"elementor-element elementor-element-58a0fd4 elementor-widget elementor-widget-text-editor\" data-id=\"58a0fd4\" data-element_type=\"widget\" data-widget_type=\"text-editor.default\">\n\t\t\t\t<div class=\"elementor-widget-container\">\n\t\t\t\t\t\t\t\t<div class=\"elementor-text-editor elementor-clearfix\">\n\t\t\t\t\t\t\t\t\t<\/div>\n\t\t\t\t\t\t<\/div>\n\t\t\t\t<\/div>\n\t\t\t\t\t\t<\/div>\n\t\t\t\t\t<\/div>\n\t\t<\/div>\n\t\t\t\t\t\t\t\t<\/div>\n\t\t\t\t\t<\/div>\n\t\t<\/section>\n\t\t\t\t<section class=\"elementor-section elementor-top-section elementor-element elementor-element-31c3780 elementor-section-boxed elementor-section-height-default elementor-section-height-default\" data-id=\"31c3780\" data-element_type=\"section\">\n\t\t\t\t\t\t<div class=\"elementor-container elementor-column-gap-default\">\n\t\t\t\t\t\t\t<div class=\"elementor-row\">\n\t\t\t\t\t<div class=\"elementor-column elementor-col-66 elementor-top-column elementor-element elementor-element-51b609d\" data-id=\"51b609d\" data-element_type=\"column\">\n\t\t\t<div class=\"elementor-column-wrap elementor-element-populated\">\n\t\t\t\t\t\t\t<div class=\"elementor-widget-wrap\">\n\t\t\t\t\t\t<div class=\"elementor-element elementor-element-d3410a3 elementor-arrows-position-inside elementor-pagination-position-outside elementor-widget elementor-widget-image-carousel\" data-id=\"d3410a3\" data-element_type=\"widget\" data-settings=\"{&quot;slides_to_show&quot;:&quot;2&quot;,&quot;navigation&quot;:&quot;both&quot;,&quot;autoplay&quot;:&quot;yes&quot;,&quot;pause_on_hover&quot;:&quot;yes&quot;,&quot;pause_on_interaction&quot;:&quot;yes&quot;,&quot;autoplay_speed&quot;:5000,&quot;infinite&quot;:&quot;yes&quot;,&quot;speed&quot;:500}\" data-widget_type=\"image-carousel.default\">\n\t\t\t\t<div class=\"elementor-widget-container\">\n\t\t\t\t\t<div class=\"elementor-image-carousel-wrapper swiper-container\" dir=\"ltr\">\n\t\t\t<div class=\"elementor-image-carousel swiper-wrapper\">\n\t\t\t\t\t\t\t\t<div class=\"swiper-slide\"><figure class=\"swiper-slide-inner\"><img class=\"swiper-slide-image\" src=\"https:\/\/geodezjaczarnik.pl\/wp-content\/uploads\/2025\/01\/IMG_6829.jpg\" alt=\"IMG_6829\" \/><\/figure><\/div><div class=\"swiper-slide\"><figure class=\"swiper-slide-inner\"><img class=\"swiper-slide-image\" src=\"https:\/\/geodezjaczarnik.pl\/wp-content\/uploads\/2025\/01\/IMG_5525-scaled.jpg\" alt=\"IMG_5525\" \/><\/figure><\/div><div class=\"swiper-slide\"><figure class=\"swiper-slide-inner\"><img class=\"swiper-slide-image\" src=\"https:\/\/geodezjaczarnik.pl\/wp-content\/uploads\/2025\/01\/IMG_5240-scaled.jpg\" alt=\"IMG_5240\" \/><\/figure><\/div><div class=\"swiper-slide\"><figure class=\"swiper-slide-inner\"><img class=\"swiper-slide-image\" src=\"https:\/\/geodezjaczarnik.pl\/wp-content\/uploads\/2025\/01\/IMG_6874-scaled.jpg\" alt=\"IMG_6874\" \/><\/figure><\/div>\t\t\t<\/div>\n\t\t\t\t\t\t\t\t\t\t\t\t<div class=\"swiper-pagination\"><\/div>\n\t\t\t\t\t\t\t\t\t\t\t\t\t<div class=\"elementor-swiper-button elementor-swiper-button-prev\">\n\t\t\t\t\t\t<i aria-hidden=\"true\" class=\"eicon-chevron-left\"><\/i>\t\t\t\t\t\t<span class=\"elementor-screen-only\">Poprzednie<\/span>\n\t\t\t\t\t<\/div>\n\t\t\t\t\t<div class=\"elementor-swiper-button elementor-swiper-button-next\">\n\t\t\t\t\t\t<i aria-hidden=\"true\" class=\"eicon-chevron-right\"><\/i>\t\t\t\t\t\t<span class=\"elementor-screen-only\">Nast\u0119pne<\/span>\n\t\t\t\t\t<\/div>\n\t\t\t\t\t\t\t\t\t<\/div>\n\t\t\t\t<\/div>\n\t\t\t\t<\/div>\n\t\t\t\t\t\t<\/div>\n\t\t\t\t\t<\/div>\n\t\t<\/div>\n\t\t\t\t<div class=\"elementor-column elementor-col-33 elementor-top-column elementor-element elementor-element-fa0ea87\" data-id=\"fa0ea87\" data-element_type=\"column\">\n\t\t\t<div class=\"elementor-column-wrap elementor-element-populated\">\n\t\t\t\t\t\t\t<div class=\"elementor-widget-wrap\">\n\t\t\t\t\t\t<div class=\"elementor-element elementor-element-0b6fdac elementor-widget elementor-widget-text-editor\" data-id=\"0b6fdac\" data-element_type=\"widget\" data-widget_type=\"text-editor.default\">\n\t\t\t\t<div class=\"elementor-widget-container\">\n\t\t\t\t\t\t\t\t<div class=\"elementor-text-editor elementor-clearfix\">\n\t\t\t\t<h5><img loading=\"lazy\" class=\"alignnone size-full wp-image-412 aligncenter\" src=\"http:\/\/geodezjaczarnik.pl\/wp-content\/uploads\/2020\/01\/logo-chomiczek3.png\" alt=\"\" width=\"100\" height=\"83\" \/><\/h5><h5 style=\"text-align: center;\"><strong><span style=\"color: #222222; font-family: Lato, sans-serif; font-size: 19px; font-style: normal; font-variant-ligatures: normal; font-variant-caps: normal;\">\u00a0 \u00a0 \u00a0 Witamy!<\/span><\/strong><span style=\"color: #222222; font-family: Lato, sans-serif; font-size: 19px; font-style: normal; font-variant-ligatures: normal; font-variant-caps: normal; font-weight: 400;\"><strong>\u00a0 \u00a0 \u00a0<\/strong><\/span><\/h5><h5 style=\"text-align: center;\"><span style=\"color: #222222; font-family: Lato, sans-serif; font-size: 19px; font-style: normal; font-variant-ligatures: normal; font-variant-caps: normal; font-weight: 400;\"><strong>\u00a0 \u00a0 \u00a0 Jeste\u015bmy rodzinn\u0105 firm\u0105 dzia\u0142aj\u0105c\u0105 na terenie G\u0142ogowa i okolicznych powiat\u00f3w od 1997 roku. <\/strong><\/span><\/h5><h5 style=\"text-align: center;\"><span style=\"color: #222222; font-family: Lato, sans-serif; font-size: 19px; font-style: normal; font-variant-ligatures: normal; font-variant-caps: normal; font-weight: 400;\"><strong>\u00a0 \u00a0 \u00a0 Nasza firma oferuje szeroki zakres us\u0142ug geodezyjnych dopasowywanych indywidualnie do ka\u017cdego zlecenia.<br \/><\/strong><\/span><strong><span style=\"color: #222222; font-family: Lato, sans-serif; font-size: 19px; font-style: normal; font-variant-ligatures: normal; font-variant-caps: normal;\"><br \/>Dysponujemy nowoczesnym sprz\u0119tem, kt\u00f3ry pozwala nam na szybk\u0105 i efektywn\u0105 prac\u0119 z najwy\u017csz\u0105 precyzj\u0105.<\/span><\/strong><\/h5><h5 style=\"text-align: center;\"><strong><span style=\"color: #222222; font-family: Lato, sans-serif; font-size: 19px; font-style: normal; font-variant-ligatures: normal; font-variant-caps: normal;\">Nasze bogate do\u015bwiadczenie oraz liczne grono zadowolonych klient\u00f3w jest gwarantem udanej wsp\u00f3\u0142pracy tak\u017ce z Tob\u0105!<\/span><\/strong><\/h5>\t\t\t\t\t<\/div>\n\t\t\t\t\t\t<\/div>\n\t\t\t\t<\/div>\n\t\t\t\t\t\t<\/div>\n\t\t\t\t\t<\/div>\n\t\t<\/div>\n\t\t\t\t\t\t\t\t<\/div>\n\t\t\t\t\t<\/div>\n\t\t<\/section>\n\t\t\t\t<section class=\"elementor-section elementor-top-section elementor-element elementor-element-7fd7fb3 elementor-section-boxed elementor-section-height-default elementor-section-height-default\" data-id=\"7fd7fb3\" data-element_type=\"section\">\n\t\t\t\t\t\t<div class=\"elementor-container elementor-column-gap-default\">\n\t\t\t\t\t\t\t<div class=\"elementor-row\">\n\t\t\t\t\t<div class=\"elementor-column elementor-col-100 elementor-top-column elementor-element elementor-element-88dcaa6\" data-id=\"88dcaa6\" data-element_type=\"column\">\n\t\t\t<div class=\"elementor-column-wrap elementor-element-populated\">\n\t\t\t\t\t\t\t<div class=\"elementor-widget-wrap\">\n\t\t\t\t\t\t<div class=\"elementor-element elementor-element-c879ba7 elementor-widget-divider--view-line elementor-widget elementor-widget-divider\" data-id=\"c879ba7\" data-element_type=\"widget\" data-widget_type=\"divider.default\">\n\t\t\t\t<div class=\"elementor-widget-container\">\n\t\t\t\t\t<div class=\"elementor-divider\">\n\t\t\t<span class=\"elementor-divider-separator\">\n\t\t\t\t\t\t<\/span>\n\t\t<\/div>\n\t\t\t\t<\/div>\n\t\t\t\t<\/div>\n\t\t\t\t\t\t<\/div>\n\t\t\t\t\t<\/div>\n\t\t<\/div>\n\t\t\t\t\t\t\t\t<\/div>\n\t\t\t\t\t<\/div>\n\t\t<\/section>\n\t\t\t\t\t\t\t\t\t<\/div>\n\t\t\t<\/div>\n\t\t\t\t\t<\/div>\n\t\t","protected":false},"excerpt":{"rendered":"<p>O nas Poprzednie Nast\u0119pne &nbsp; &nbsp; &nbsp; Witamy!&nbsp; &nbsp; &nbsp; &nbsp; &nbsp; &nbsp; Jeste\u015bmy rodzinn\u0105 firm\u0105 dzia\u0142aj\u0105c\u0105 na terenie G\u0142ogowa i okolicznych powiat\u00f3w od 1997 roku. &nbsp; &nbsp; &nbsp; Nasza firma oferuje szeroki zakres us\u0142ug geodezyjnych dopasowywanych indywidualnie do ka\u017cdego<\/p>\n","protected":false},"author":1,"featured_media":0,"parent":0,"menu_order":0,"comment_status":"closed","ping_status":"closed","template":"page-templates\/page-builder.php","meta":[],"yoast_head":"<!-- This site is optimized with the Yoast SEO plugin v19.9 - https:\/\/yoast.com\/wordpress\/plugins\/seo\/ -->\n<title>O nas - Us\u0142ugi Geodezyjne Mariusz Czarnik<\/title>\n<meta name=\"robots\" content=\"index, follow, max-snippet:-1, max-image-preview:large, max-video-preview:-1\" \/>\n<link rel=\"canonical\" href=\"https:\/\/geodezjaczarnik.pl\/index.php\/onas\/\" \/>\n<meta property=\"og:locale\" content=\"pl_PL\" \/>\n<meta property=\"og:type\" content=\"article\" \/>\n<meta property=\"og:title\" content=\"O nas - Us\u0142ugi Geodezyjne Mariusz Czarnik\" \/>\n<meta property=\"og:description\" content=\"O nas Poprzednie Nast\u0119pne &nbsp; &nbsp; &nbsp; Witamy!&nbsp; &nbsp; &nbsp; &nbsp; &nbsp; &nbsp; Jeste\u015bmy rodzinn\u0105 firm\u0105 dzia\u0142aj\u0105c\u0105 na terenie G\u0142ogowa i okolicznych powiat\u00f3w od 1997 roku. &nbsp; &nbsp; &nbsp; Nasza firma oferuje szeroki zakres us\u0142ug geodezyjnych dopasowywanych indywidualnie do ka\u017cdego\" \/>\n<meta property=\"og:url\" content=\"https:\/\/geodezjaczarnik.pl\/index.php\/onas\/\" \/>\n<meta property=\"og:site_name\" content=\"Us\u0142ugi Geodezyjne Mariusz Czarnik\" \/>\n<meta property=\"article:modified_time\" content=\"2025-01-21T22:36:52+00:00\" \/>\n<meta property=\"og:image\" content=\"http:\/\/geodezjaczarnik.pl\/wp-content\/uploads\/elementor\/thumbs\/IMG_6829-r0cp7r1y3bvkimd64mkvmsxu71mxmynggrahu3dbnk.jpg\" \/>\n<meta name=\"twitter:card\" content=\"summary_large_image\" \/>\n<meta name=\"twitter:label1\" content=\"Szacowany czas czytania\" \/>\n\t<meta name=\"twitter:data1\" content=\"2 minuty\" \/>\n<script type=\"application\/ld+json\" class=\"yoast-schema-graph\">{\"@context\":\"https:\/\/schema.org\",\"@graph\":[{\"@type\":\"WebPage\",\"@id\":\"https:\/\/geodezjaczarnik.pl\/index.php\/onas\/\",\"url\":\"https:\/\/geodezjaczarnik.pl\/index.php\/onas\/\",\"name\":\"O nas - Us\u0142ugi Geodezyjne Mariusz Czarnik\",\"isPartOf\":{\"@id\":\"https:\/\/geodezjaczarnik.pl\/#website\"},\"datePublished\":\"2019-08-03T06:48:33+00:00\",\"dateModified\":\"2025-01-21T22:36:52+00:00\",\"breadcrumb\":{\"@id\":\"https:\/\/geodezjaczarnik.pl\/index.php\/onas\/#breadcrumb\"},\"inLanguage\":\"pl-PL\",\"potentialAction\":[{\"@type\":\"ReadAction\",\"target\":[\"https:\/\/geodezjaczarnik.pl\/index.php\/onas\/\"]}]},{\"@type\":\"BreadcrumbList\",\"@id\":\"https:\/\/geodezjaczarnik.pl\/index.php\/onas\/#breadcrumb\",\"itemListElement\":[{\"@type\":\"ListItem\",\"position\":1,\"name\":\"Strona g\u0142\u00f3wna\",\"item\":\"https:\/\/geodezjaczarnik.pl\/\"},{\"@type\":\"ListItem\",\"position\":2,\"name\":\"O nas\"}]},{\"@type\":\"WebSite\",\"@id\":\"https:\/\/geodezjaczarnik.pl\/#website\",\"url\":\"https:\/\/geodezjaczarnik.pl\/\",\"name\":\"Us\u0142ugi Geodezyjne Mariusz Czarnik\",\"description\":\"tel. 602 510 783\",\"publisher\":{\"@id\":\"https:\/\/geodezjaczarnik.pl\/#organization\"},\"potentialAction\":[{\"@type\":\"SearchAction\",\"target\":{\"@type\":\"EntryPoint\",\"urlTemplate\":\"https:\/\/geodezjaczarnik.pl\/?s={search_term_string}\"},\"query-input\":\"required name=search_term_string\"}],\"inLanguage\":\"pl-PL\"},{\"@type\":\"Organization\",\"@id\":\"https:\/\/geodezjaczarnik.pl\/#organization\",\"name\":\"Us\u0142ugi Geodezyjne Mariusz Czarnik\",\"url\":\"https:\/\/geodezjaczarnik.pl\/\",\"logo\":{\"@type\":\"ImageObject\",\"inLanguage\":\"pl-PL\",\"@id\":\"https:\/\/geodezjaczarnik.pl\/#\/schema\/logo\/image\/\",\"url\":\"https:\/\/geodezjaczarnik.pl\/wp-content\/uploads\/2020\/01\/cropped-logo-chomiczek3.png\",\"contentUrl\":\"https:\/\/geodezjaczarnik.pl\/wp-content\/uploads\/2020\/01\/cropped-logo-chomiczek3.png\",\"width\":100,\"height\":83,\"caption\":\"Us\u0142ugi Geodezyjne Mariusz Czarnik\"},\"image\":{\"@id\":\"https:\/\/geodezjaczarnik.pl\/#\/schema\/logo\/image\/\"}}]}<\/script>\n<!-- \/ Yoast SEO plugin. -->","yoast_head_json":{"title":"O nas - Us\u0142ugi Geodezyjne Mariusz Czarnik","robots":{"index":"index","follow":"follow","max-snippet":"max-snippet:-1","max-image-preview":"max-image-preview:large","max-video-preview":"max-video-preview:-1"},"canonical":"https:\/\/geodezjaczarnik.pl\/index.php\/onas\/","og_locale":"pl_PL","og_type":"article","og_title":"O nas - Us\u0142ugi Geodezyjne Mariusz Czarnik","og_description":"O nas Poprzednie Nast\u0119pne &nbsp; &nbsp; &nbsp; Witamy!&nbsp; &nbsp; &nbsp; &nbsp; &nbsp; &nbsp; Jeste\u015bmy rodzinn\u0105 firm\u0105 dzia\u0142aj\u0105c\u0105 na terenie G\u0142ogowa i okolicznych powiat\u00f3w od 1997 roku. &nbsp; &nbsp; &nbsp; Nasza firma oferuje szeroki zakres us\u0142ug geodezyjnych dopasowywanych indywidualnie do ka\u017cdego","og_url":"https:\/\/geodezjaczarnik.pl\/index.php\/onas\/","og_site_name":"Us\u0142ugi Geodezyjne Mariusz Czarnik","article_modified_time":"2025-01-21T22:36:52+00:00","og_image":[{"url":"http:\/\/geodezjaczarnik.pl\/wp-content\/uploads\/elementor\/thumbs\/IMG_6829-r0cp7r1y3bvkimd64mkvmsxu71mxmynggrahu3dbnk.jpg"}],"twitter_card":"summary_large_image","twitter_misc":{"Szacowany czas czytania":"2 minuty"},"schema":{"@context":"https:\/\/schema.org","@graph":[{"@type":"WebPage","@id":"https:\/\/geodezjaczarnik.pl\/index.php\/onas\/","url":"https:\/\/geodezjaczarnik.pl\/index.php\/onas\/","name":"O nas - Us\u0142ugi Geodezyjne Mariusz Czarnik","isPartOf":{"@id":"https:\/\/geodezjaczarnik.pl\/#website"},"datePublished":"2019-08-03T06:48:33+00:00","dateModified":"2025-01-21T22:36:52+00:00","breadcrumb":{"@id":"https:\/\/geodezjaczarnik.pl\/index.php\/onas\/#breadcrumb"},"inLanguage":"pl-PL","potentialAction":[{"@type":"ReadAction","target":["https:\/\/geodezjaczarnik.pl\/index.php\/onas\/"]}]},{"@type":"BreadcrumbList","@id":"https:\/\/geodezjaczarnik.pl\/index.php\/onas\/#breadcrumb","itemListElement":[{"@type":"ListItem","position":1,"name":"Strona g\u0142\u00f3wna","item":"https:\/\/geodezjaczarnik.pl\/"},{"@type":"ListItem","position":2,"name":"O nas"}]},{"@type":"WebSite","@id":"https:\/\/geodezjaczarnik.pl\/#website","url":"https:\/\/geodezjaczarnik.pl\/","name":"Us\u0142ugi Geodezyjne Mariusz Czarnik","description":"tel. 602 510 783","publisher":{"@id":"https:\/\/geodezjaczarnik.pl\/#organization"},"potentialAction":[{"@type":"SearchAction","target":{"@type":"EntryPoint","urlTemplate":"https:\/\/geodezjaczarnik.pl\/?s={search_term_string}"},"query-input":"required name=search_term_string"}],"inLanguage":"pl-PL"},{"@type":"Organization","@id":"https:\/\/geodezjaczarnik.pl\/#organization","name":"Us\u0142ugi Geodezyjne Mariusz Czarnik","url":"https:\/\/geodezjaczarnik.pl\/","logo":{"@type":"ImageObject","inLanguage":"pl-PL","@id":"https:\/\/geodezjaczarnik.pl\/#\/schema\/logo\/image\/","url":"https:\/\/geodezjaczarnik.pl\/wp-content\/uploads\/2020\/01\/cropped-logo-chomiczek3.png","contentUrl":"https:\/\/geodezjaczarnik.pl\/wp-content\/uploads\/2020\/01\/cropped-logo-chomiczek3.png","width":100,"height":83,"caption":"Us\u0142ugi Geodezyjne Mariusz Czarnik"},"image":{"@id":"https:\/\/geodezjaczarnik.pl\/#\/schema\/logo\/image\/"}}]}},"_links":{"self":[{"href":"https:\/\/geodezjaczarnik.pl\/index.php\/wp-json\/wp\/v2\/pages\/32"}],"collection":[{"href":"https:\/\/geodezjaczarnik.pl\/index.php\/wp-json\/wp\/v2\/pages"}],"about":[{"href":"https:\/\/geodezjaczarnik.pl\/index.php\/wp-json\/wp\/v2\/types\/page"}],"author":[{"embeddable":true,"href":"https:\/\/geodezjaczarnik.pl\/index.php\/wp-json\/wp\/v2\/users\/1"}],"replies":[{"embeddable":true,"href":"https:\/\/geodezjaczarnik.pl\/index.php\/wp-json\/wp\/v2\/comments?post=32"}],"version-history":[{"count":38,"href":"https:\/\/geodezjaczarnik.pl\/index.php\/wp-json\/wp\/v2\/pages\/32\/revisions"}],"predecessor-version":[{"id":719,"href":"https:\/\/geodezjaczarnik.pl\/index.php\/wp-json\/wp\/v2\/pages\/32\/revisions\/719"}],"wp:attachment":[{"href":"https:\/\/geodezjaczarnik.pl\/index.php\/wp-json\/wp\/v2\/media?parent=32"}],"curies":[{"name":"wp","href":"https:\/\/api.w.org\/{rel}","templated":true}]}}